{"id":2,"date":"2026-04-27T18:50:38","date_gmt":"2026-04-27T18:50:38","guid":{"rendered":"https:\/\/propinatiu.ro\/?page_id=2"},"modified":"2026-04-28T02:45:55","modified_gmt":"2026-04-28T02:45:55","slug":"sample-page","status":"publish","type":"page","link":"https:\/\/propinatiu.ro\/sample-page\/","title":{"rendered":"Despre Camelian Propina\u021biu"},"content":{"rendered":"<p>Poet \u0219i prozator rom\u00e2n contemporan, n\u0103scut la 26 octombrie 1951 \u00een Titu, jude\u021bul D\u00e2mbovi\u021ba. Numele vechi: Dumitru Sandu. A absolvit Universitatea din Bucure\u0219ti, Facultatea de Fizic\u0103, specializarea Biofizic\u0103.<\/p>\n<p>Debut publicistic cu dou\u0103 poezii, \u00een Via\u021ba Rom\u00e2neasc\u0103, nr. 1\/1986, \u0219i cu o povestire \u00een magazinul SF Helion, Timi\u0219oara, iunie 1987. Diverse premii la concursuri de poezie, proz\u0103 scurt\u0103, anticipa\u021bie, dramaturgie, roman (Premiul Nemira, 1998, pentru\u00a0<em>La un col\u021b de cotitur\u0103<\/em>, semnat Camelian Propina\u021biu).<\/p>\n<p>Heteronimul \u201eCamelian Propina\u021biu\u201c vine din limba latin\u0103: propinatio = \u201einvitare la b\u0103utur\u0103\u201c; \u00een Bucovina \u0219i Gali\u021bia, propinatori se numeau \u021biitorii de cr\u00e2\u0219me.<\/p>\n<p>Se identific\u0103 literar cu un mazil basarabean din Codrii B\u00e2cului.<\/p>\n<p>Camelian Propina\u021biu este nepotul preotului\u00a0<a href=\"https:\/\/chisinauorasulmeu.com\/2011\/03\/17\/grigore-constantinescu-1875-1932-preot-ziarist\/\" target=\"_blank\" rel=\"noreferrer noopener\">Grigore Constantinescu<\/a>, profesorul de limba noastr\u0103 cea rom\u00e2n\u0103, la Seminarul din Chi\u0219in\u0103u, al poetului Alexei Mateevici.<\/p>\n<p class=\"has-medium-font-size\">C\u0103r\u021bi importante, tip\u0103rite sau pdf-uri:<\/p>\n<p>Trilogia \u201cNECHEZOL. \u00cent\u00e2mpl\u0103ri din via\u021ba \u00eenlocuitorilor de intelectuali\u201d:<\/p>\n<div class=\"wp-block-group is-vertical is-layout-flex wp-container-core-group-is-layout-8cf370e7 wp-block-group-is-layout-flex\">\n<p>1. La un col\u021b de cotitur\u0103, Editura Nemira, 1999;<\/p>\n<p>2. Oligopedagogia, Editura Edago, 2006.<\/p>\n<p>3. Mu\u0219c\u0103tura, Edituara EvAGO, 2011; pdf<\/p>\n<\/div>\n<p>&nbsp;<\/p>\n<p><em>La un col\u021b de cotitur\u0103<\/em>, Ed. Nemira, 1999 (Ed. a doua, Edago, 2006); redactorul de carte, opozantul la ceau\u0219ism Dan Petrescu, v\u0103z\u00e2nd aici, 10 ani dup\u0103 Revolu\u021bie, \u201eadev\u0103ratul \u0219i unicul p\u00e2n\u0103 acum roman al tranzi\u021biei\u201c. \u00a0(Dan Petrescu \u2013 \u201e\u00cen r\u0103sp\u0103r\u201d, Ed. Nemira 2000, p. 37)<\/p>\n<p><em>Oligopedagogia<\/em>, Edago, 2006, roman latino-american \u0219i sovieto-rus despre absurditatea de a \u00eenv\u0103\u021ba pe altul, \u00eentr-un sistem educativ nefrecventabil.<\/p>\n<p><em>Mu\u0219c\u0103tura<\/em>\u00a0(EvAGO, 2011), romanul imposibilit\u0103\u021bii de a nu \u201epublica\u201c, de\u0219i \u201epe Poezie a luat-o dracu\u201d, de unde \u0219i delirul lui Armand Hrestic despre o institu\u021bie providen\u021bial\u0103, Uniunea Scriitorilor de pdf-uri.<\/p>\n<p>La T\u00e2rgul de Carte Gaudeamus 2006, Camelian Propina\u021biu a difuzat evocarea:\u00a0<em>Puii p\u0103s\u0103rii cu clon\u021b de rubin pe urmele poetului Nicolae Labi\u0219<\/em>, Edago, 2006, \u00eemplinindu-se 50 de ani sumbri \u0219i r\u0103u prevestitori a extinc\u021bie colectiv\u0103 \u0219i t\u0103ierea limbii, de la acel omor.<\/p>\n<p>Dl. Cameleon Pop\u00e2nd\u0103u, cum a fost poetul botezat de un preopinent pe chat, se va ilustra, ca tot omul din subteran\u0103, \u0219i ca postac profesionist, teoretiz\u00e2nd dinadins prolix unele \u201eProbleme de Baz\u0103 ale Rom\u00e2nilor\u201c \u00een pedefeul\u00a0<em>Postrom\u00e2nismul<\/em>, Editura Virtual\u0103 AGO, 2011, prefa\u021biune la \u201ereac\u021biile \u0219i deflagra\u021biile alese\u201c din culegerea pdf de comentarii exemplare, \u201emanual pentru postaci profesioni\u0219ti\u201c,\u00a0<em>Luminarea Poporului<\/em>, (EvAGO, 2011, 819 p.).<\/p>\n<p>De notat c\u0103 Armand Hrestic \u00eei semnala lui Ioil Borgiah drept notabil acest veritabil \u201eCurs scurt de Ini\u021biere spiritual\u0103 ca postac profesionist<em>\u201d<\/em>, deoarece se bazeaz\u0103 pe ni\u0219teListe de c\u0103r\u021bi \u0219i tr\u0103iri bune, fie Lista lui Propina\u021biu, fie oricare alta tot de pdf-uri gratis, desc\u0103rcate mai mult de pe net, propus\u0103 pe drumul Marii Recuper\u0103ri a istoriei netr\u0103ite de popoarele din Est, pres\u0103rate \u00een calea n\u0103v\u0103lirilor barbare ca o avangard\u0103 a civiliza\u021biunii occidentale.<\/p>\n<p>Av\u00e2nd \u00een 2011 deplin \u00eencheiat\u0103 Trilogia Nechezol, deplin exprimat, prozatorul rom\u00e2n contemporan Camelian Propina\u021biu fiind un poet hiperactiv, de\u0219i a promis cititorilor de mesaje c\u0103 nu mai scrie ci doar bea \u0219i clevete\u0219te, a ajuns s\u0103 figureze vremelnic \u00een Wikipedia drept \u00eent\u00e2iul cronologic c\u0103rt\u0103rescolog notabil din RO, elabor\u00e2nd ca expert basarabean privat studiul critic de fezabilitate\u00a0<em>Kitsch orbitor \u0219i geniu \u00eenaripat: Nobelul rom\u00e2nului C\u0103rt\u0103rescu<\/em>, (Edago, 2007, 587 p.), sensibiliz\u00e2nd autorit\u0103\u021bile imaginii externe cum c\u0103 ICR e doar o pic\u0103tur\u0103 \u00eentr-un ocean, candida\u021bii Nobel sprijinindu-se oriunde in lume cu \u00ceNTREAGA for\u021b\u0103 a statului. Pentru juste aprecieri basarabene privind acest demers \u0219i altele mai unioniste \u00een sens Armand Hrestic, vezi doar Paul Goma \u2013\u00a0<a href=\"http:\/\/www.paulgoma.com\/wordpress\/wp-content\/uploads\/2010\/11\/LRP_JURNAL_2010_intreg.pdf\" target=\"_blank\" rel=\"noreferrer noopener\">Jurnal 2010 \u00eentreg<\/a>, aprilie, pdf, pentru c\u0103 au suprimat\u0103r\u0103 de pe Wikipedia versiunea din 19 septembrie 2017 ora 14:31, care la Leg\u0103turi Externe \u00eencepea cu acest pdf propina\u021bist filo-c\u0103rt\u0103rescian, recomand\u00e2nd versiunea de pe Scribd.<\/p>\n<p>Adev\u0103rul liric este c\u0103 \u00eenc\u0103 de la 16 februarie 2010, c\u00e2nd i-a fost m\u0103tr\u0103\u0219it\u0103 pagina de pe Wikipedia ca \u201enenotabil\u201d, neasemuitul poet revolu\u021bionar Camelian Propina\u021biu a avut o presim\u021bire sinistr\u0103 c\u0103 va scrie tot mai mult\u0103 \u0219i mai mult\u0103 POEZIE de sertar, practic\u00e2nd vas\u0103zic\u0103 Rezisten\u021ba la Incultur\u0103, evolu\u00e2nd de la avangardism solitar \u0219i colectiv p\u00e2n\u0103 la excesivism \u0219i chiar ismism, \u00eentr-o epoc\u0103 obez\u0103 nesim\u021bit\u0103 poate mai greu suportabil\u0103 dec\u00e2t cea a Rezisten\u021bei prin Cultur\u0103 \u00een contra bol\u0219evismului, deoarece unde exist\u0103 internet, a mai fi incult func\u021bional este o op\u021biune personal\u0103 de bun\u0103 voie \u0219i nesilit de nimeni, nu un e\u0219ec de care nu \u0219tii, datorat politicilor guvernului de economisiri exagerate \u0219i reiterate tocmai la via\u021ba spiritual\u0103 decent\u0103 a supu\u0219ilor s\u0103i.<\/p>\n<p>Aici se \u00eencheie versiunea nou\u0103 de CV Propina\u021biu pentru editorii sau cenzorii actori statali ori nestatali consilia\u021bi de bo\u021bi cu sau f\u0103r\u0103 AI.<\/p>\n<p>Iar versiunea veche r\u0103m\u00e2ne cum a fost.<\/p>\n<p class=\"has-text-align-center has-x-large-font-size\">*<\/p>\n<p><strong>Despre Camelian Propina\u021biu<\/strong><\/p>\n<p>Prozator rom\u00e2n contemporan n\u0103scut la 26 octombrie 1951, Titu \/ Auvers-sur-Oise, D\u00e2mbovi\u0163a.\u00a0Numele vechiu: Dumitru Sandu. A absolvit Universitatea din Bucure\u015fti, Facultatea de Fizic\u0103, specializarea Biofizic\u0103. Azi, rentier \u015fi edagon privat.<\/p>\n<p>Debut publicistic cu dou\u0103 poezii, \u00een\u00a0<em>Via\u0163a Rom\u00e2neasc\u0103<\/em>, nr. 1\/1986, \u015fi cu o povestire \u00een magazinul SF\u00a0<em>Helion<\/em>, Timi\u015foara (cetatea preferat\u0103!), iunie 1987. Diverse premii la concursuri de poezie, proz\u0103 scurt\u0103, anticipa\u0163ie, dramaturgie, roman (Premiul Nemira, 1998, pentru\u00a0<em>La un col\u0163 de cotitur\u0103<\/em>, semnat Camelian Propina\u0163iu).<\/p>\n<p>Heteronimul trist \u201eCamelian Propina\u0163iu\u201c vine din limba latin\u0103:\u00a0<em>propinatio<\/em>\u00a0= \u201einvitare la b\u0103utur\u0103\u201c; \u00een Bucovina \u015fi-n Gali\u0163ia,\u00a0<em>propinatori<\/em>\u00a0se numeau \u0163iitorii de cr\u00e2\u015fme. Se identific\u0103 literar cu un mazil din Codrii B\u00e2cului.<\/p>\n<p>Camelian Propina\u0163iu este nepotul preotului\u00a0<a title=\"Preot Grogore Constantinescu - Glasul Basarabiei 100 ani\" href=\"http:\/\/basarabia-bucovina.info\/2013\/04\/06\/100-de-ani-de-la-infiintarea-glasului-basarabiei-viata-fondatorului-ziaristul-preot-si-preotul-ziarist-grigore-constantinescu-cu-fotografii-din-parohia-sa-satucul-napadeni\/\" target=\"_blank\" rel=\"noopener\">Grigore Constantinescu<\/a>, profesorul de limba noastr\u0103 cea rom\u00e2n\u0103, la Seminarul din Chi\u015fin\u0103u, al poetului Alexei Mateevici.<\/p>\n<p><strong>C\u0103r\u0163i<\/strong>:<\/p>\n<p>Trilogia\u00a0<strong>\u201cNECHEZOL. \u00cent\u00e2mpl\u0103ri din via\u0163a \u00eenlocuitorilor de intelectuali\u201d<\/strong>, inclusiv a r\u0103u chinui\u0163ilor de Sindromul Refu, c\u00e2nd se cred refuza\u0163i la export doar pentru c\u0103 s-au n\u0103scut \u00een RO: 1.\u00a0<em>La un col\u0163 de cotitur\u0103<\/em>, Ed. Nemira, 1999; 2.\u00a0<em>Mu\u015fc\u0103tura<\/em>, EvAGO, 2011; 3.<em>Oligopedagogia<\/em>, Edago, 2006.<br \/><em>La un col\u0163 de cotitur\u0103<\/em>, Ed. Nemira, 1999 (Ed. a doua, Edago, 2006); redactor \u2013 opozantul la ceau\u015fism Dan Petrescu, v\u0103z\u00e2nd \u201eadev\u0103ratul \u015fi unicul p\u00e2n\u0103 acum roman al tranzi\u0163iei\u201c<em>. Mu\u015fc\u0103tura<\/em>\u00a0(EvAGO, 2011), romanul imposibilit\u0103\u0163ii de a nu \u201epublica\u201c, de\u015fi pe Poezie a luat-o dracu\u2019.\u00a0<em>Oligopedagogia<\/em>, Edago, 2006, roman latino-american \u015fi sovieto-rus despre absurditatea de a \u00eenv\u0103\u0163a pe altul.<\/p>\n<p>Av\u00e2nd \u00eencheiat\u0103 aceast\u0103 trilogie care l-a terminat,\u00a0<em>Trilogia Nechezol<\/em>, Propina\u0163iu a fost de acord c\u0103 \u015fi-a\u015fa se scrie prea mult \u015fi s-a autosuspendat ca prozator rom\u00e2n contemporan \u015fi,\u00a0<em>intelectual-f\u0103r\u0103-st\u0103p\u00e2n<\/em>\u00a0ab\u0103t\u00e2ndu-se de la trebi, rentier c\u0103utat de amici, s-a impus nu numai ortacilor s\u0103i, drept \u00eent\u00e2iul \u015fi poate unicul c\u0103rt\u0103rescolog din RO, scriind ca\u00a0<em>expert basarabean privat<\/em>\u00a0studiul critic de fezabilitate\u00a0<em>Kitsch orbitor \u015fi geniu \u00eenaripat: Nobel-ul rom\u00e2nului C\u0103rt\u0103rescu<\/em>, (Edago, 2007, 587 p.), sensibiliz\u00e2nd autorit\u0103\u0163ile c\u0103 ICR e doar o picatur\u0103 \u00eentr-un ocean, candida\u0163ii Nobel sprijinindu-se oriunde in lume cu \u00ceNTREAGA for\u0163\u0103 a statului. Pentru juste aprecieri, v. Paul Goma \u2013\u00a0<a title=\"Paul Goma - Jurnal 2010\" href=\"http:\/\/www.paulgoma.com\/jurnal-2010-intreg\/?aid=1476&amp;pid=1386&amp;sa=1\" target=\"_blank\" rel=\"noopener\"><em>Jurnal 2010<\/em><\/a>, aprilie.<\/p>\n<p>Dl. Cameleon Pop\u00e2nd\u0103u se va ilustra, ca tot omul din subteran\u0103, \u015fi ca\u00a0<em>postac profesionist<\/em>, teoretiz\u00e2nd dinadins prolix unele \u201eProbleme de Baz\u0103 ale Rom\u00e2nilor\u201c \u00een pedefeul\u00a0<em>Postrom\u00e2nismul<\/em>, Editura Virtual\u0103 AGO, 2011, prefa\u0163iune la \u201ereac\u0163iile \u015fi deflagra\u0163iile alese\u201c din culegerea de comentarii exemplare, \u201emanual pentru postaci profesioni\u015fti\u201c,\u00a0<em>Luminarea Poporului<\/em>, (EvAGO, 2011, 819 p.).<\/p>\n<p>La T\u00e2rgul de Carte Gaudeamus 2006, Camelian Propina\u0163iu a difuzat evocarea:\u00a0<em>Puii p\u0103s\u0103rii cu clon\u0163 de rubin pe urmele poetului Nicolae Labi\u015f<\/em>, Edago, 2006, \u00eemplinindu-se 50 de ani sumbri \u015fi r\u0103u prevestitori a extinc\u0163ie colectiv\u0103 \u015fi t\u0103ierea limbii, de la acel omor.<\/p>\n<p><em>Work in Progress.<\/em>\u00a0\u00cempotriva unor jur\u0103minte c\u0103 nu se va mai b\u0103ga ca tiramisul \u00een ciorba de burt\u0103 civic\u0103, Camelian Propina\u0163iu nu ignor\u0103 cre\u015fterea unui dosar\u2026 voluminos din\u00a0<em>interven\u0163iile<\/em>\u00a0\u00eentru Marea Recuperare a istoriei culturale netr\u0103ite \u00een calea n\u0103v\u0103lirilor barbare sub imperii dezna\u0163ionalizante, sustenabil\u0103 dac\u0103 20% din amenzi sau accize, 33% din recuper\u0103ri \u015fi din sponsoriz\u0103rile politice, 12% taxe de lux pe televiziuni\/ tabloide \u015fi 10-15% din investi\u0163iile \u00een carosabil\/ imobiliare se aloc\u0103 rom\u00e2nilor la Infrastructura Intelectual\u0103 \u015fi la Educa\u0163ie, de la Nistru p\u00e2n\u2019 la Tisa \u015fi de la Sydney la Tamisa.<\/p>\n","protected":false},"excerpt":{"rendered":"<p>Poet \u0219i prozator rom\u00e2n contemporan, n\u0103scut la 26 octombrie 1951 \u00een Titu, jude\u021bul D\u00e2mbovi\u021ba. Numele vechi: Dumitru Sandu. A absolvit Universitatea din Bucure\u0219ti, Facultatea de Fizic\u0103, specializarea Biofizic\u0103. Debut publicistic cu dou\u0103 poezii, \u00een Via\u021ba Rom\u00e2neasc\u0103, nr. 1\/1986, \u0219i cu o povestire \u00een magazinul SF Helion, Timi\u0219oara, iunie 1987. Diverse premii la concursuri de poezie, [&hellip;]<\/p>\n","protected":false},"author":1,"featured_media":0,"parent":0,"menu_order":0,"comment_status":"closed","ping_status":"open","template":"","meta":{"footnotes":""},"class_list":["post-2","page","type-page","status-publish","hentry"],"_links":{"self":[{"href":"https:\/\/propinatiu.ro\/wp-json\/wp\/v2\/pages\/2","targetHints":{"allow":["GET"]}}],"collection":[{"href":"https:\/\/propinatiu.ro\/wp-json\/wp\/v2\/pages"}],"about":[{"href":"https:\/\/propinatiu.ro\/wp-json\/wp\/v2\/types\/page"}],"author":[{"embeddable":true,"href":"https:\/\/propinatiu.ro\/wp-json\/wp\/v2\/users\/1"}],"replies":[{"embeddable":true,"href":"https:\/\/propinatiu.ro\/wp-json\/wp\/v2\/comments?post=2"}],"version-history":[{"count":2,"href":"https:\/\/propinatiu.ro\/wp-json\/wp\/v2\/pages\/2\/revisions"}],"predecessor-version":[{"id":17,"href":"https:\/\/propinatiu.ro\/wp-json\/wp\/v2\/pages\/2\/revisions\/17"}],"wp:attachment":[{"href":"https:\/\/propinatiu.ro\/wp-json\/wp\/v2\/media?parent=2"}],"curies":[{"name":"wp","href":"https:\/\/api.w.org\/{rel}","templated":true}]}}